{"id":7070,"date":"2019-05-01T15:29:31","date_gmt":"2019-05-01T13:29:31","guid":{"rendered":"https:\/\/www.gaspruefung-hg.at\/?page_id=7070"},"modified":"2023-04-28T09:36:46","modified_gmt":"2023-04-28T07:36:46","slug":"g-p-h","status":"publish","type":"page","link":"https:\/\/www.gaspruefung-hg.at\/en\/g-p-h\/","title":{"rendered":"Keywords"},"content":{"rendered":"<div class=\"wpb-content-wrapper\"><p>[vc_row tm_bgcolor=&#8221;darkgrey&#8221; tm_bgimagefixed=&#8221;&#8221; break_in_responsive=&#8221;991&#8243; full_width=&#8221;stretch_row&#8221; equal_height=&#8221;yes&#8221; css=&#8221;.vc_custom_1556716541160{margin-top: 164px !important;padding-top: 0px !important;padding-bottom: 0px !important;}&#8221; tm_responsive_css=&#8221;31766833|colbreak_no|||||||||colbreak_no|0px||||||||colbreak_no||||||||||colbreak_no|||||||||&#8221;][vc_column tm_bgcolor=&#8221;skincolor&#8221; tm_col_bg_expand=&#8221;left&#8221; width=&#8221;5\/6&#8243; css=&#8221;.vc_custom_1554148365962{padding-top: 78px !important;padding-right: 230px !important;padding-bottom: 28px !important;}&#8221; tm_responsive_css=&#8221;58794642|colbreak_no|||||||||colbreak_no|||||35px|15px|35px||colbreak_no||||||||||colbreak_no|||||||||&#8221;]<div class=\"tm-element-heading-wrapper tm-heading-inner tm-element-align-left tm-seperator-solid tm-heading-style-vertical \"><section class=\"tm-vc_cta3-container\"><div class=\"tm-vc_general tm-vc_cta3 tm-cta3-only tm-vc_cta3-style-classic tm-vc_cta3-shape-rounded tm-vc_cta3-align-left tm-vc_cta3-color-transparent tm-vc_cta3-icon-size-md tm-vc_cta3-actions-no tm-cta3-with-desc\"><div class=\"tm-vc_cta3_content-container\"><div class=\"tm-vc_cta3-content\"><header class=\"tm-vc_cta3-content-header tm-wrap\"><div class=\"tm-vc_cta3-headers tm-wrap-cell\"><h2 class=\"tm-custom-heading \" ><strong>Fl\u00fcssiggaspr\u00fcfungen Europaweit<\/strong><\/h2>\n<\/div><div class=\"heading-seperator\"><span><\/span><\/div><\/header><div class=\"tm-cta3-content-wrapper\">\n<div class=\"art_headline\">\n<h1>\u00d6sterreich<\/h1>\n<h3>Pongau, Pinzgau, Salzburg, Flachgau, Lungau, Tennengau,\u00a0 Steiermark, Ober\u00f6sterreich, Nieder\u00f6sterreich, Burgenland, Tirol, Vorarlberg<\/h3>\n<h1>International:<\/h1>\n<h3>Italien: Udine, Caorle, Bibione, Jessolo, Lignano, Gardasee, \u2026<\/h3>\n<h3>Kroatien: Rovinj, Porec, Krk, Medulin, Pula, Split, \u2026<\/h3>\n<h3><img loading=\"lazy\" decoding=\"async\" class=\"\" src=\"https:\/\/www.gaspruefung-hg.at\/wp-content\/uploads\/2019\/02\/auto.png\" sizes=\"auto, (max-width: 567px) 100vw, 567px\" srcset=\"https:\/\/www.gaspruefung-hg.at\/wp-content\/uploads\/2019\/02\/auto.png 567w, https:\/\/www.gaspruefung-hg.at\/wp-content\/uploads\/2019\/02\/auto-300x144.png 300w\" alt=\"\" width=\"304\" height=\"146\" \/><\/h3>\n<h3>Mobiles Gaspr\u00fcfungsservice auch f\u00fcr Marine, Boote, Schiffe<\/h3>\n<\/div>\n<p><\/div><\/div><\/div><\/div><\/section><\/div> <!-- .tm-element-heading-wrapper container --> [vc_separator color=&#8221;custom&#8221; accent_color=&#8221;rgba(255,255,255,0.24)&#8221; css=&#8221;.vc_custom_1536645207948{margin-top: -5px !important;}&#8221;][\/vc_column][vc_column tm_col_bg_expand=&#8221;right&#8221; tm_bgimage_position=&#8221;left_center&#8221; tm_zindex=&#8221;1&#8243; width=&#8221;1\/6&#8243; css=&#8221;.vc_custom_1555587923395{margin-top: -60px !important;margin-left: -167px !important;background-position: center !important;background-repeat: no-repeat !important;background-size: cover !important;}&#8221;][\/vc_column][\/vc_row][vc_row tm_textcolor=&#8221;white&#8221; tm_bgimage_position=&#8221;center_bottom&#8221; tm_bgimagefixed=&#8221;&#8221; full_width=&#8221;stretch_row&#8221; css=&#8221;.vc_custom_1556716613926{padding-top: 90px !important;padding-bottom: 50px !important;background-image: url(https:\/\/tectxon.themetechmount.com\/tectxon-data\/wp-content\/uploads\/sites\/8\/2018\/09\/row-bg-three.jpg?id=2994) !important;background-position: center !important;background-repeat: no-repeat !important;background-size: cover !important;}&#8221;][vc_column][vc_row_inner css=&#8221;.vc_custom_1536638924461{margin-right: 0px !important;margin-left: 0px !important;}&#8221;][vc_column_inner width=&#8221;5\/6&#8243; css=&#8221;.vc_custom_1536987447593{padding-right: 25px !important;padding-left: 0px !important;}&#8221; tm_responsive_css=&#8221;96196950|colbreak_no|||||||||colbreak_no|||||||||colbreak_no||||||0px||||colbreak_no|||||||||&#8221;]<div class=\"tm-element-heading-wrapper tm-heading-inner tm-element-align-left tm-seperator-solid tm-heading-style-horizontal  vc_custom_1556718026594\"><section class=\"tm-vc_cta3-container\"><div class=\"tm-vc_general tm-vc_cta3 tm-cta3-only tm-vc_cta3-style-classic tm-vc_cta3-shape-rounded tm-vc_cta3-align-left tm-vc_cta3-color-transparent tm-vc_cta3-icon-size-md tm-vc_cta3-actions-no tm-cta3-with-desc\"><div class=\"tm-vc_cta3_content-container\"><div class=\"tm-vc_cta3-content\"><header class=\"tm-vc_cta3-content-header tm-wrap\"><div class=\"tm-vc_cta3-headers tm-wrap-cell\"><h2 class=\"tm-custom-heading \" ><strong>Gewerbeservice<\/strong><\/h2>\n<h4 class=\"tm-custom-heading \" >Fl\u00fcssiggas im Bereich<\/h4>\n<\/div><div class=\"heading-seperator\"><span><\/span><\/div><\/header><div class=\"tm-cta3-content-wrapper\">\n<h3>K\u00fcchen, Gastronomie, Chalets, Mobilheime, M\u00e4rkten, Volksfesten, Marktst\u00e4nde, Schausteller, Fahrzeuge, Foodtruck, Grillstationen, Terrassenheizstrahler, Katalyt\u00f6fen, Grillger\u00e4te, Infrarotstrahler<\/h3>\n<p><\/div><\/div><\/div><\/div><\/section><\/div> <!-- .tm-element-heading-wrapper container --> [\/vc_column_inner][\/vc_row_inner][vc_separator color=&#8221;custom&#8221; accent_color=&#8221;rgba(255,255,255,0.14)&#8221;][\/vc_column][\/vc_row][vc_row tm_bgcolor=&#8221;darkgrey&#8221; tm_bgimagefixed=&#8221;&#8221; break_in_responsive=&#8221;991&#8243; full_width=&#8221;stretch_row&#8221; equal_height=&#8221;yes&#8221; css=&#8221;.vc_custom_1556716541160{margin-top: 164px !important;padding-top: 0px !important;padding-bottom: 0px !important;}&#8221; tm_responsive_css=&#8221;31766833|colbreak_no|||||||||colbreak_no|0px||||||||colbreak_no||||||||||colbreak_no|||||||||&#8221;][vc_column tm_bgcolor=&#8221;skincolor&#8221; tm_col_bg_expand=&#8221;left&#8221; width=&#8221;5\/6&#8243; css=&#8221;.vc_custom_1554148365962{padding-top: 78px !important;padding-right: 230px !important;padding-bottom: 28px !important;}&#8221; tm_responsive_css=&#8221;58794642|colbreak_no|||||||||colbreak_no|||||35px|15px|35px||colbreak_no||||||||||colbreak_no|||||||||&#8221;]<div class=\"tm-element-heading-wrapper tm-heading-inner tm-element-align-left tm-seperator-solid tm-heading-style-vertical \"><section class=\"tm-vc_cta3-container\"><div class=\"tm-vc_general tm-vc_cta3 tm-cta3-only tm-vc_cta3-style-classic tm-vc_cta3-shape-rounded tm-vc_cta3-align-left tm-vc_cta3-color-transparent tm-vc_cta3-icon-size-md tm-vc_cta3-actions-no tm-cta3-with-desc\"><div class=\"tm-vc_cta3_content-container\"><div class=\"tm-vc_cta3-content\"><header class=\"tm-vc_cta3-content-header tm-wrap\"><div class=\"tm-vc_cta3-headers tm-wrap-cell\"><h2 class=\"tm-custom-heading \" ><strong>Fl\u00fcssiggaspr\u00fcfungen Europaweit<\/strong><\/h2>\n<h4 class=\"tm-custom-heading \" >f\u00fcr Camper, Caravan, Mobilheimen<\/h4>\n<\/div><div class=\"heading-seperator\"><span><\/span><\/div><\/header><div class=\"tm-cta3-content-wrapper\">\n<div class=\"art_headline\">\n<h3>Fahrzeugpr\u00fcfung allgemein, Reparatur und Ersatzteil-Service, Verkauf von Camping Artikel, Camping Ausr\u00fcstung, Verkauf von Gasflaschen<\/h3>\n<\/div>\n<p><\/div><\/div><\/div><\/div><\/section><\/div> <!-- .tm-element-heading-wrapper container --> [vc_separator color=&#8221;custom&#8221; accent_color=&#8221;rgba(255,255,255,0.24)&#8221; css=&#8221;.vc_custom_1536645207948{margin-top: -5px !important;}&#8221;][\/vc_column][vc_column tm_col_bg_expand=&#8221;right&#8221; tm_bgimage_position=&#8221;left_center&#8221; tm_zindex=&#8221;1&#8243; width=&#8221;1\/6&#8243; css=&#8221;.vc_custom_1555587923395{margin-top: -60px !important;margin-left: -167px !important;background-position: center !important;background-repeat: no-repeat !important;background-size: cover !important;}&#8221;][\/vc_column][\/vc_row][vc_row tm_textcolor=&#8221;white&#8221; tm_bgimage_position=&#8221;center_bottom&#8221; tm_bgimagefixed=&#8221;&#8221; full_width=&#8221;stretch_row&#8221; css=&#8221;.vc_custom_1556716613926{padding-top: 90px !important;padding-bottom: 50px !important;background-image: url(https:\/\/tectxon.themetechmount.com\/tectxon-data\/wp-content\/uploads\/sites\/8\/2018\/09\/row-bg-three.jpg?id=2994) !important;background-position: center !important;background-repeat: no-repeat !important;background-size: cover !important;}&#8221;][vc_column][vc_row_inner css=&#8221;.vc_custom_1536638924461{margin-right: 0px !important;margin-left: 0px !important;}&#8221;][vc_column_inner width=&#8221;5\/6&#8243; css=&#8221;.vc_custom_1536987447593{padding-right: 25px !important;padding-left: 0px !important;}&#8221; tm_responsive_css=&#8221;96196950|colbreak_no|||||||||colbreak_no|||||||||colbreak_no||||||0px||||colbreak_no|||||||||&#8221;]<div class=\"tm-element-heading-wrapper tm-heading-inner tm-element-align-left tm-seperator-solid tm-heading-style-horizontal  vc_custom_1556718498423\"><section class=\"tm-vc_cta3-container\"><div class=\"tm-vc_general tm-vc_cta3 tm-cta3-only tm-vc_cta3-style-classic tm-vc_cta3-shape-rounded tm-vc_cta3-align-left tm-vc_cta3-color-transparent tm-vc_cta3-icon-size-md tm-vc_cta3-actions-no tm-cta3-with-desc\"><div class=\"tm-vc_cta3_content-container\"><div class=\"tm-vc_cta3-content\"><header class=\"tm-vc_cta3-content-header tm-wrap\"><div class=\"tm-vc_cta3-headers tm-wrap-cell\"><h2 class=\"tm-custom-heading \" ><strong>Marine Service<\/strong><\/h2>\n<h4 class=\"tm-custom-heading \" >Boote, Yachten, Schiffe<\/h4>\n<\/div><div class=\"heading-seperator\"><span><\/span><\/div><\/header><div class=\"tm-cta3-content-wrapper\">\n<h3>Hafen, Yachthaven, Bootservice, T\u00dcV Pr\u00fcfung, Pickerlservice, Gaspr\u00fcfung, Bootcenter, Yachtcenter<\/h3>\n<p><\/div><\/div><\/div><\/div><\/section><\/div> <!-- .tm-element-heading-wrapper container --> [\/vc_column_inner][\/vc_row_inner][vc_separator color=&#8221;custom&#8221; accent_color=&#8221;rgba(255,255,255,0.14)&#8221;][\/vc_column][\/vc_row]<\/p>\n<\/div>","protected":false},"excerpt":{"rendered":"<p>[vc_row tm_bgcolor=&#8221;darkgrey&#8221; tm_bgimagefixed=&#8221;&#8221; break_in_responsive=&#8221;991&#8243; full_width=&#8221;stretch_row&#8221; equal_height=&#8221;yes&#8221; css=&#8221;.vc_custom_1556716541160{margin-top: 164px !important;padding-top: 0px !important;padding-bottom: 0px !important;}&#8221; tm_responsive_css=&#8221;31766833|colbreak_no|||||||||colbreak_no|0px||||||||colbreak_no||||||||||colbreak_no|||||||||&#8221;][vc_column tm_bgcolor=&#8221;skincolor&#8221; tm_col_bg_expand=&#8221;left&#8221; width=&#8221;5\/6&#8243; css=&#8221;.vc_custom_1554148365962{padding-top: 78px !important;padding-right: 230px !important;padding-bottom: 28px !important;}&#8221; tm_responsive_css=&#8221;58794642|colbreak_no|||||||||colbreak_no|||||35px|15px|35px||colbreak_no||||||||||colbreak_no|||||||||&#8221;][vc_separator color=&#8221;custom&#8221; accent_color=&#8221;rgba(255,255,255,0.24)&#8221; css=&#8221;.vc_custom_1536645207948{margin-top: -5px !important;}&#8221;][\/vc_column][vc_column tm_col_bg_expand=&#8221;right&#8221; tm_bgimage_position=&#8221;left_center&#8221; tm_zindex=&#8221;1&#8243; width=&#8221;1\/6&#8243; css=&#8221;.vc_custom_1555587923395{margin-top: -60px !important;margin-left: -167px !important;background-position: center !important;background-repeat: no-repeat !important;background-size: cover !important;}&#8221;][\/vc_column][\/vc_row][vc_row tm_textcolor=&#8221;white&#8221; tm_bgimage_position=&#8221;center_bottom&#8221; tm_bgimagefixed=&#8221;&#8221; full_width=&#8221;stretch_row&#8221; css=&#8221;.vc_custom_1556716613926{padding-top: 90px !important;padding-bottom: 50px !important;background-image: url(https:\/\/tectxon.themetechmount.com\/tectxon-data\/wp-content\/uploads\/sites\/8\/2018\/09\/row-bg-three.jpg?id=2994) &hellip; <a href=\"https:\/\/www.gaspruefung-hg.at\/en\/g-p-h\/\" class=\"more-link\">Continue reading <span class=\"screen-reader-text\">Keywords<\/span><\/a><\/p>\n","protected":false},"author":1,"featured_media":0,"parent":0,"menu_order":9,"comment_status":"closed","ping_status":"closed","template":"","meta":{"footnotes":""},"class_list":["post-7070","page","type-page","status-publish","hentry"],"translation":{"provider":"WPGlobus","version":"3.0.0","language":"en","enabled_languages":["de","en"],"languages":{"de":{"title":true,"content":true,"excerpt":false},"en":{"title":false,"content":false,"excerpt":false}}},"_links":{"self":[{"href":"https:\/\/www.gaspruefung-hg.at\/en\/wp-json\/wp\/v2\/pages\/7070","targetHints":{"allow":["GET"]}}],"collection":[{"href":"https:\/\/www.gaspruefung-hg.at\/en\/wp-json\/wp\/v2\/pages"}],"about":[{"href":"https:\/\/www.gaspruefung-hg.at\/en\/wp-json\/wp\/v2\/types\/page"}],"author":[{"embeddable":true,"href":"https:\/\/www.gaspruefung-hg.at\/en\/wp-json\/wp\/v2\/users\/1"}],"replies":[{"embeddable":true,"href":"https:\/\/www.gaspruefung-hg.at\/en\/wp-json\/wp\/v2\/comments?post=7070"}],"version-history":[{"count":7,"href":"https:\/\/www.gaspruefung-hg.at\/en\/wp-json\/wp\/v2\/pages\/7070\/revisions"}],"predecessor-version":[{"id":8159,"href":"https:\/\/www.gaspruefung-hg.at\/en\/wp-json\/wp\/v2\/pages\/7070\/revisions\/8159"}],"wp:attachment":[{"href":"https:\/\/www.gaspruefung-hg.at\/en\/wp-json\/wp\/v2\/media?parent=7070"}],"curies":[{"name":"wp","href":"https:\/\/api.w.org\/{rel}","templated":true}]}}